{"id":3,"date":"2023-03-23T18:38:42","date_gmt":"2023-03-23T21:38:42","guid":{"rendered":"https:\/\/\/makro\/nv\/?page_id=3"},"modified":"2026-03-31T20:09:09","modified_gmt":"2026-03-31T23:09:09","slug":"relatorio-de-igualdade-salarial","status":"publish","type":"page","link":"https:\/\/makroengenharia.com.br\/en\/relatorio-de-igualdade-salarial\/","title":{"rendered":"Relat\u00f3rio de Igualdade Salarial"},"content":{"rendered":"<div data-elementor-type=\"wp-page\" data-elementor-id=\"3\" class=\"elementor elementor-3\">\n\t\t\t\t\t\t<section class=\"elementor-section elementor-top-section elementor-element elementor-element-3a59caf2 elementor-section-boxed elementor-section-height-default elementor-section-height-default\" data-id=\"3a59caf2\" data-element_type=\"section\" data-e-type=\"section\">\n\t\t\t\t\t\t<div class=\"elementor-container elementor-column-gap-default\">\n\t\t\t\t\t<div class=\"elementor-column elementor-col-100 elementor-top-column elementor-element elementor-element-1bd3d464\" data-id=\"1bd3d464\" data-element_type=\"column\" data-e-type=\"column\">\n\t\t\t<div class=\"elementor-widget-wrap elementor-element-populated\">\n\t\t\t\t\t\t<div class=\"elementor-element elementor-element-7d118c8e elementor-widget elementor-widget-text-editor\" data-id=\"7d118c8e\" data-element_type=\"widget\" data-e-type=\"widget\" data-widget_type=\"text-editor.default\">\n\t\t\t\t<div class=\"elementor-widget-container\">\n\t\t\t\t\t\t\t\t\t<p class=\"has-medium-font-size\"><strong>Makro Engineering<\/strong><\/p>\n<p><!-- \/wp:paragraph --><\/p>\n<p><!-- wp:table --><\/p>\n<figure class=\"wp-block-table\">\n<table class=\"has-fixed-layout\">\n<tbody>\n<tr>\n<td>1\u00ba Ciclo 2026<\/td>\n<td><a href=\"https:\/\/makroengenharia.com.br\/wp-content\/uploads\/2026\/03\/RelatorioIgualdadeSalarialLote_2026_1_MakroEngenharia.pdf\">Declara\u00e7\u00e3o de Transpar\u00eancia Salarial 2026-1 &#8211; Matriz<\/a><\/td>\n<\/tr>\n<tr>\n<td>1\u00ba Ciclo 2026<\/td>\n<td><a href=\"https:\/\/makroengenharia.com.br\/wp-content\/uploads\/2026\/03\/RelatorioIgualdadeSalarialLote_2026_1_MakroMA.pdf\">Declara\u00e7\u00e3o de Transpar\u00eancia Salarial 2026-1 &#8211; Maranh\u00e3o<\/a><\/td>\n<\/tr>\n<tr>\n<td>1\u00ba Ciclo 2026<\/td>\n<td><a href=\"https:\/\/makroengenharia.com.br\/wp-content\/uploads\/2026\/03\/RelatorioIgualdadeSalarialLote_2026_1_MakroPA.pdf\">Declara\u00e7\u00e3o de Transpar\u00eancia Salarial 2026-1 &#8211; Par\u00e1<\/a><\/td>\n<\/tr>\n<\/tbody>\n<\/table>\n<\/figure>\n<p><!-- \/wp:table --><\/p>\n<p><!-- wp:table --><\/p>\n<figure class=\"wp-block-table\">\n<table class=\"has-fixed-layout\">\n<tbody>\n<tr>\n<td>1\u00ba Ciclo 2025<\/td>\n<td><a href=\"https:\/\/makroengenharia.com.br\/wp-content\/uploads\/2025\/09\/RelatorioIgualdadeSalarialLote_MKE_2025_1_MATRIZ.pdf\" data-type=\"link\" data-id=\"https:\/\/makroengenharia.com.br\/wp-content\/uploads\/2025\/09\/Declaracao-de-Transparencia-Salarial_2024_1_MATRIZ.pdf\">Declara\u00e7\u00e3o de Transpar\u00eancia Salarial 2025-1 &#8211; Matriz<\/a><\/td>\n<\/tr>\n<tr>\n<td>1\u00ba Ciclo 2025<\/td>\n<td><a href=\"https:\/\/makroengenharia.com.br\/wp-content\/uploads\/2025\/09\/RelatorioIgualdadeSalarialLote_MKE_2025_1_FILIAL-SAO-LUIS.pdf\" data-type=\"link\" data-id=\"https:\/\/makroengenharia.com.br\/wp-content\/uploads\/2025\/09\/Declaracao-de-Transparencia-Salarial_2024_1_FILIAL-PARA.pdf\">Declara\u00e7\u00e3o de Transpar\u00eancia Salarial 2025-1 &#8211; Maranh\u00e3o<\/a><\/td>\n<\/tr>\n<tr>\n<td>1\u00ba Ciclo 2025<\/td>\n<td><a href=\"https:\/\/makroengenharia.com.br\/wp-content\/uploads\/2025\/09\/RelatorioIgualdadeSalarialLote_MKE_2025_1_FILIAL-PARA.pdf\" data-type=\"link\" data-id=\"https:\/\/makroengenharia.com.br\/wp-content\/uploads\/2025\/09\/Declaracao-de-Transparencia-Salarial_2024_1_FILIAL-MARANHAO.pdf\">Declara\u00e7\u00e3o de Transpar\u00eancia Salarial 2025-1 &#8211; Par\u00e1<\/a><\/td>\n<\/tr>\n<\/tbody>\n<\/table>\n<\/figure>\n<p><!-- \/wp:table --><\/p>\n<p><!-- wp:table --><\/p>\n<figure class=\"wp-block-table\">\n<table class=\"has-fixed-layout\">\n<tbody>\n<tr>\n<td>2\u00ba Ciclo 2025<\/td>\n<td><a href=\"https:\/\/makroengenharia.com.br\/wp-content\/uploads\/2025\/09\/RelatorioIgualdadeSalarialLote_MKE_2025_2_MATRIZ.pdf\" data-type=\"link\" data-id=\"https:\/\/makroengenharia.com.br\/wp-content\/uploads\/2025\/09\/Declaracao-de-Transparencia-Salarial_2024_1_MATRIZ.pdf\">Declara\u00e7\u00e3o de Transpar\u00eancia Salarial 2025-2- Matriz<\/a><\/td>\n<\/tr>\n<tr>\n<td>2\u00ba Ciclo 2025<\/td>\n<td><a href=\"https:\/\/makroengenharia.com.br\/wp-content\/uploads\/2025\/09\/RelatorioIgualdadeSalarialLote_MKE_2025_2_FILIAL-MARANHAO.pdf\" data-type=\"link\" data-id=\"https:\/\/makroengenharia.com.br\/wp-content\/uploads\/2025\/09\/Declaracao-de-Transparencia-Salarial_2024_1_FILIAL-PARA.pdf\">Declara\u00e7\u00e3o de Transpar\u00eancia Salarial 2025-2- Maranh\u00e3o<\/a><\/td>\n<\/tr>\n<tr>\n<td>2\u00ba Ciclo 2025<\/td>\n<td><a href=\"https:\/\/makroengenharia.com.br\/wp-content\/uploads\/2025\/09\/RelatorioIgualdadeSalarialLote_MKE_2025_2_FILIAL-PARA.pdf\" data-type=\"link\" data-id=\"https:\/\/makroengenharia.com.br\/wp-content\/uploads\/2025\/09\/Declaracao-de-Transparencia-Salarial_2024_1_FILIAL-MARANHAO.pdf\">Declara\u00e7\u00e3o de Transpar\u00eancia Salarial 2025-2- Par\u00e1<\/a><\/td>\n<\/tr>\n<\/tbody>\n<\/table>\n<\/figure>\n<p><!-- \/wp:table --><\/p>\n<p><!-- wp:table --><\/p>\n<figure class=\"wp-block-table\">\n<table class=\"has-fixed-layout\">\n<tbody>\n<tr>\n<td>1\u00ba Ciclo 2024<\/td>\n<td><a href=\"https:\/\/makroengenharia.com.br\/wp-content\/uploads\/2025\/09\/RelatorioIgualdadeSalarialLote_MKE_2024_1_CEARA.pdf\">Declara\u00e7\u00e3o de Transpar\u00eancia Salarial 2024-1 &#8211; Cear\u00e1<\/a><\/td>\n<\/tr>\n<tr>\n<td>1\u00ba Ciclo 2024<\/td>\n<td><a href=\"https:\/\/makroengenharia.com.br\/wp-content\/uploads\/2025\/09\/RelatorioIgualdadeSalarialLote_MKE_2024_1_FILIAL-PARA.pdf\" data-type=\"link\" data-id=\"https:\/\/makroengenharia.com.br\/wp-content\/uploads\/2025\/09\/Declaracao-de-Transparencia-Salarial_2024_1_FILIAL-PARA.pdf\">Declara\u00e7\u00e3o de Transpar\u00eancia Salarial 2024-1 &#8211; Par\u00e1<\/a><\/td>\n<\/tr>\n<\/tbody>\n<\/table>\n<\/figure>\n<p><!-- \/wp:table --><\/p>\n<p><!-- wp:table --><\/p>\n<figure class=\"wp-block-table\">\n<table class=\"has-fixed-layout\">\n<tbody>\n<tr>\n<td>2\u00ba Ciclo 2024<\/td>\n<td><a href=\"https:\/\/makroengenharia.com.br\/wp-content\/uploads\/2025\/09\/RelatorioIgualdadeSalarialLote_MKE_2024_1_CEARA.pdf\">Declara\u00e7\u00e3o de Transpar\u00eancia Salarial 2024-1 &#8211; Cear\u00e1<\/a><\/td>\n<\/tr>\n<tr>\n<td>2\u00ba Ciclo 2024<\/td>\n<td><a href=\"https:\/\/makroengenharia.com.br\/wp-content\/uploads\/2025\/09\/RelatorioIgualdadeSalarialLote_MKE_2024_2_FILIAL-MARANHAO.pdf\" data-type=\"link\" data-id=\"https:\/\/makroengenharia.com.br\/wp-content\/uploads\/2025\/09\/Declaracao-de-Transparencia-Salarial_2024_2_FILIAL-SAO-LUIS.pdf\">Declara\u00e7\u00e3o de Transpar\u00eancia Salarial 2024-2 &#8211; Maranh\u00e3o<\/a><\/td>\n<\/tr>\n<tr>\n<td>2\u00ba Ciclo 2024<\/td>\n<td><a href=\"https:\/\/makroengenharia.com.br\/wp-content\/uploads\/2025\/09\/RelatorioIgualdadeSalarialLote_MKE_2024_2_FILIAL-PARA.pdf\" data-type=\"link\" data-id=\"https:\/\/makroengenharia.com.br\/wp-content\/uploads\/2025\/09\/Declaracao-de-Transparencia-Salarial_2024_2_MATRIZ.pdf\">Declara\u00e7\u00e3o de Transpar\u00eancia Salarial 2024-2 &#8211; Par\u00e1<\/a><\/td>\n<\/tr>\n<\/tbody>\n<\/table>\n<\/figure>\n<p><!-- \/wp:table --><\/p>\n<p><!-- wp:separator --><\/p>\n<hr class=\"wp-block-separator has-alpha-channel-opacity\">\n<p><!-- \/wp:separator --><\/p>\n<p><!-- wp:paragraph {\"fontSize\":\"medium\"} --><\/p>\n<p class=\"has-medium-font-size\"><strong>Makro Transportes<\/strong><\/p>\n<p><!-- \/wp:paragraph --><\/p>\n<p><!-- wp:table --><\/p>\n<figure class=\"wp-block-table\">\n<table class=\"has-fixed-layout\">\n<tbody>\n<tr>\n<td>1\u00ba Ciclo 2026<\/td>\n<td><a href=\"https:\/\/makroengenharia.com.br\/wp-content\/uploads\/2026\/03\/RelatorioIgualdadeSalarialLote_2026_1_MakroTransportes.pdf\">Declara\u00e7\u00e3o de Transpar\u00eancia Salarial 2026-1 &#8211; Matriz<\/a><\/td>\n<\/tr>\n<\/tbody>\n<\/table>\n<\/figure>\n<p><!-- \/wp:table --><\/p>\n<p><!-- wp:table --><\/p>\n<figure class=\"wp-block-table\">\n<table class=\"has-fixed-layout\">\n<tbody>\n<tr>\n<td>1\u00ba Ciclo 2025<\/td>\n<td><a href=\"https:\/\/makroengenharia.com.br\/wp-content\/uploads\/2025\/09\/RelatorioIgualdadeSalarialLote_MKT_2025_1_MATRIZ-MKT.pdf\" data-type=\"link\" data-id=\"https:\/\/makroengenharia.com.br\/wp-content\/uploads\/2025\/09\/RelatorioIgualdadeSalarialLote_2025_1_MATRIZ-MKT.pdf\">Declara\u00e7\u00e3o de Transpar\u00eancia Salarial 2025-1 &#8211; Matriz<\/a><\/td>\n<\/tr>\n<\/tbody>\n<\/table>\n<\/figure>\n<p><!-- \/wp:table --><\/p>\n<p><!-- wp:table --><\/p>\n<figure class=\"wp-block-table\">\n<table class=\"has-fixed-layout\">\n<tbody>\n<tr>\n<td>2\u00ba Ciclo 2025<\/td>\n<td><a href=\"https:\/\/makroengenharia.com.br\/wp-content\/uploads\/2025\/09\/RelatorioIgualdadeSalarialLote_MKT_2025_2_MATRIZ-MKT.pdf\" data-type=\"link\" data-id=\"https:\/\/makroengenharia.com.br\/wp-content\/uploads\/2025\/09\/RelatorioIgualdadeSalarialLote_2025_2_MATRIZ-MKT.pdf\">Declara\u00e7\u00e3o de Transpar\u00eancia Salarial 2025-2 &#8211; Matriz<\/a><\/td>\n<\/tr>\n<\/tbody>\n<\/table>\n<\/figure>\n<p><!-- \/wp:table --><\/p>\n<p><!-- wp:paragraph --><\/p>\n<p><!-- \/wp:paragraph --><\/p>\n<p><!-- wp:paragraph --><\/p>\n<p><!-- \/wp:paragraph --><\/p>\t\t\t\t\t\t\t\t<\/div>\n\t\t\t\t<\/div>\n\t\t\t\t\t<\/div>\n\t\t<\/div>\n\t\t\t\t\t<\/div>\n\t\t<\/section>\n\t\t\t\t<\/div>","protected":false},"excerpt":{"rendered":"<p>Makro Engenharia 1\u00ba Ciclo 2026 Declara\u00e7\u00e3o de Transpar\u00eancia Salarial 2026-1 &#8211; Matriz 1\u00ba Ciclo 2026 Declara\u00e7\u00e3o de Transpar\u00eancia Salarial 2026-1 &#8211; Maranh\u00e3o 1\u00ba Ciclo 2026 Declara\u00e7\u00e3o de Transpar\u00eancia Salarial 2026-1 &#8211; Par\u00e1 1\u00ba Ciclo 2025 Declara\u00e7\u00e3o de Transpar\u00eancia Salarial 2025-1 &#8211; Matriz 1\u00ba Ciclo 2025 Declara\u00e7\u00e3o de Transpar\u00eancia Salarial 2025-1 &#8211; Maranh\u00e3o 1\u00ba Ciclo 2025 [&hellip;]<\/p>","protected":false},"author":4,"featured_media":0,"parent":0,"menu_order":0,"comment_status":"closed","ping_status":"open","template":"","meta":{"site-sidebar-layout":"default","site-content-layout":"","ast-site-content-layout":"default","site-content-style":"default","site-sidebar-style":"default","ast-global-header-display":"","ast-banner-title-visibility":"","ast-main-header-display":"","ast-hfb-above-header-display":"","ast-hfb-below-header-display":"","ast-hfb-mobile-header-display":"","site-post-title":"","ast-breadcrumbs-content":"","ast-featured-img":"","footer-sml-layout":"","theme-transparent-header-meta":"","adv-header-id-meta":"","stick-header-meta":"","header-above-stick-meta":"","header-main-stick-meta":"","header-below-stick-meta":"","astra-migrate-meta-layouts":"set","ast-page-background-enabled":"default","ast-page-background-meta":{"desktop":{"background-color":"var(--ast-global-color-4)","background-image":"","background-repeat":"repeat","background-position":"center center","background-size":"auto","background-attachment":"scroll","background-type":"","background-media":"","overlay-type":"","overlay-color":"","overlay-opacity":"","overlay-gradient":""},"tablet":{"background-color":"","background-image":"","background-repeat":"repeat","background-position":"center center","background-size":"auto","background-attachment":"scroll","background-type":"","background-media":"","overlay-type":"","overlay-color":"","overlay-opacity":"","overlay-gradient":""},"mobile":{"background-color":"","background-image":"","background-repeat":"repeat","background-position":"center center","background-size":"auto","background-attachment":"scroll","background-type":"","background-media":"","overlay-type":"","overlay-color":"","overlay-opacity":"","overlay-gradient":""}},"ast-content-background-meta":{"desktop":{"background-color":"var(--ast-global-color-5)","background-image":"","background-repeat":"repeat","background-position":"center center","background-size":"auto","background-attachment":"scroll","background-type":"","background-media":"","overlay-type":"","overlay-color":"","overlay-opacity":"","overlay-gradient":""},"tablet":{"background-color":"var(--ast-global-color-5)","background-image":"","background-repeat":"repeat","background-position":"center center","background-size":"auto","background-attachment":"scroll","background-type":"","background-media":"","overlay-type":"","overlay-color":"","overlay-opacity":"","overlay-gradient":""},"mobile":{"background-color":"var(--ast-global-color-5)","background-image":"","background-repeat":"repeat","background-position":"center center","background-size":"auto","background-attachment":"scroll","background-type":"","background-media":"","overlay-type":"","overlay-color":"","overlay-opacity":"","overlay-gradient":""}},"footnotes":""},"class_list":["post-3","page","type-page","status-publish","hentry"],"_links":{"self":[{"href":"https:\/\/makroengenharia.com.br\/en\/wp-json\/wp\/v2\/pages\/3","targetHints":{"allow":["GET"]}}],"collection":[{"href":"https:\/\/makroengenharia.com.br\/en\/wp-json\/wp\/v2\/pages"}],"about":[{"href":"https:\/\/makroengenharia.com.br\/en\/wp-json\/wp\/v2\/types\/page"}],"author":[{"embeddable":true,"href":"https:\/\/makroengenharia.com.br\/en\/wp-json\/wp\/v2\/users\/4"}],"replies":[{"embeddable":true,"href":"https:\/\/makroengenharia.com.br\/en\/wp-json\/wp\/v2\/comments?post=3"}],"version-history":[{"count":6,"href":"https:\/\/makroengenharia.com.br\/en\/wp-json\/wp\/v2\/pages\/3\/revisions"}],"predecessor-version":[{"id":1467,"href":"https:\/\/makroengenharia.com.br\/en\/wp-json\/wp\/v2\/pages\/3\/revisions\/1467"}],"wp:attachment":[{"href":"https:\/\/makroengenharia.com.br\/en\/wp-json\/wp\/v2\/media?parent=3"}],"curies":[{"name":"wp","href":"https:\/\/api.w.org\/{rel}","templated":true}]}}